{"id":55,"date":"2024-08-17T17:51:26","date_gmt":"2024-08-17T17:51:26","guid":{"rendered":"https:\/\/stulu.ch\/?page_id=55"},"modified":"2024-11-11T14:14:05","modified_gmt":"2024-11-11T14:14:05","slug":"verein-studentinnenstadt-luzern","status":"publish","type":"page","link":"https:\/\/stulu.ch\/index.php\/verein-studentinnenstadt-luzern\/","title":{"rendered":"Verein"},"content":{"rendered":"\n<p>Der Verein <strong>Student<mark style=\"background-color:rgba(0, 0, 0, 0);color:#9da1a2\" class=\"has-inline-color\">inn<\/mark><mark style=\"background-color:rgba(0, 0, 0, 0);color:#000000\" class=\"has-inline-color\">en<\/mark>stadt <mark style=\"background-color:rgba(0, 0, 0, 0);color:#000000\" class=\"has-inline-color\">Lu<\/mark>zern<\/strong> bezweckt, die Stadt Luzern f\u00fcr alle Studierenden in allen Belangen attraktiver zu gestalten. Der Verein hat ausschliesslich gemeinn\u00fctzige Zielsetzungen, verfolgt keine kommerziellen Zwecke und erstrebt keinen Gewinn.<\/p>\n\n\n\n<p><a href=\"https:\/\/stulu.ch\/wp-content\/uploads\/2024\/08\/STULU-Statuten-2024-08-07.pdf\" target=\"_blank\" rel=\"noreferrer noopener\">Statuten<\/a><\/p>\n\n\n\n<p class=\"is-style-default\">Vorstand:<br>&#8211;  Pr\u00e4sident: Hans-Urs Hengartner<br>&#8211;  Aktuar: Josef Kronenberg<br>&#8211;  Kassier: Max-Peter Felchlin<\/p>\n\n\n\n<p><\/p>\n\n\n\n<p>Wir suchen HelferInnen, welche uns bei unseren Projekten unterst\u00fctzen. <br><a href=\"https:\/\/stulu.ch\/index.php\/kontakt\/\">Kontakt f\u00fcr Hilfe<\/a><\/p>\n\n\n\n<p>Wir suchen Mitglieder, welche uns finanziell und\/oder als HelferInnen und\/oder im Vorstand unterst\u00fctzen.<br><a href=\"https:\/\/stulu.ch\/index.php\/mitglied-werden\/\">Anmeldung als Mitglied<\/a><\/p>\n","protected":false},"excerpt":{"rendered":"<p>Der Verein Studentinnenstadt Luzern bezweckt, die Stadt Luzern f\u00fcr alle Studierenden in allen Belangen attraktiver zu gestalten. Der Verein hat ausschliesslich gemeinn\u00fctzige Zielsetzungen, verfolgt keine kommerziellen Zwecke und erstrebt keinen Gewinn. Statuten Vorstand:&#8211; Pr\u00e4sident: Hans-Urs Hengartner&#8211; Aktuar: Josef Kronenberg&#8211; Kassier: Max-Peter Felchlin Wir suchen HelferInnen, welche uns bei unseren Projekten unterst\u00fctzen. Kontakt f\u00fcr Hilfe Wir&hellip;<\/p>\n","protected":false},"author":1,"featured_media":0,"parent":0,"menu_order":0,"comment_status":"closed","ping_status":"closed","template":"","meta":{"_price":"","_stock":"","_tribe_ticket_header":"","_tribe_default_ticket_provider":"","_tribe_ticket_capacity":"0","_ticket_start_date":"","_ticket_end_date":"","_tribe_ticket_show_description":"","_tribe_ticket_show_not_going":false,"_tribe_ticket_use_global_stock":"","_tribe_ticket_global_stock_level":"","_global_stock_mode":"","_global_stock_cap":"","_tribe_rsvp_for_event":"","_tribe_ticket_going_count":"","_tribe_ticket_not_going_count":"","_tribe_tickets_list":"[]","_tribe_ticket_has_attendee_info_fields":false,"footnotes":"","_tec_slr_enabled":"","_tec_slr_layout":""},"class_list":["post-55","page","type-page","status-publish","hentry"],"yoast_head":"<!-- This site is optimized with the Yoast SEO plugin v24.7 - https:\/\/yoast.com\/wordpress\/plugins\/seo\/ -->\n<title>Verein - STULU<\/title>\n<meta name=\"description\" content=\"Der Verein Studentinnenstadt Luzern bezweckt, die Stadt Luzern f\u00fcr alle Studierenden in allen Belangen attraktiver zu gestalten.\" \/>\n<meta name=\"robots\" content=\"index, follow, max-snippet:-1, max-image-preview:large, max-video-preview:-1\" \/>\n<link rel=\"canonical\" href=\"https:\/\/stulu.ch\/index.php\/verein-studentinnenstadt-luzern\/\" \/>\n<meta property=\"og:locale\" content=\"de_DE\" \/>\n<meta property=\"og:type\" content=\"article\" \/>\n<meta property=\"og:title\" content=\"Verein - STULU\" \/>\n<meta property=\"og:description\" content=\"Der Verein Studentinnenstadt Luzern bezweckt, die Stadt Luzern f\u00fcr alle Studierenden in allen Belangen attraktiver zu gestalten.\" \/>\n<meta property=\"og:url\" content=\"https:\/\/stulu.ch\/index.php\/verein-studentinnenstadt-luzern\/\" \/>\n<meta property=\"og:site_name\" content=\"STULU\" \/>\n<meta property=\"article:modified_time\" content=\"2024-11-11T14:14:05+00:00\" \/>\n<meta name=\"twitter:card\" content=\"summary_large_image\" \/>\n<meta name=\"twitter:label1\" content=\"Gesch\u00e4tzte Lesezeit\" \/>\n\t<meta name=\"twitter:data1\" content=\"1\u00a0Minute\" \/>\n<script type=\"application\/ld+json\" class=\"yoast-schema-graph\">{\"@context\":\"https:\/\/schema.org\",\"@graph\":[{\"@type\":\"WebPage\",\"@id\":\"https:\/\/stulu.ch\/index.php\/verein-studentinnenstadt-luzern\/\",\"url\":\"https:\/\/stulu.ch\/index.php\/verein-studentinnenstadt-luzern\/\",\"name\":\"Verein - STULU\",\"isPartOf\":{\"@id\":\"https:\/\/stulu.ch\/#website\"},\"datePublished\":\"2024-08-17T17:51:26+00:00\",\"dateModified\":\"2024-11-11T14:14:05+00:00\",\"description\":\"Der Verein Studentinnenstadt Luzern bezweckt, die Stadt Luzern f\u00fcr alle Studierenden in allen Belangen attraktiver zu gestalten.\",\"breadcrumb\":{\"@id\":\"https:\/\/stulu.ch\/index.php\/verein-studentinnenstadt-luzern\/#breadcrumb\"},\"inLanguage\":\"de\",\"potentialAction\":[{\"@type\":\"ReadAction\",\"target\":[\"https:\/\/stulu.ch\/index.php\/verein-studentinnenstadt-luzern\/\"]}]},{\"@type\":\"BreadcrumbList\",\"@id\":\"https:\/\/stulu.ch\/index.php\/verein-studentinnenstadt-luzern\/#breadcrumb\",\"itemListElement\":[{\"@type\":\"ListItem\",\"position\":1,\"name\":\"Startseite\",\"item\":\"https:\/\/stulu.ch\/\"},{\"@type\":\"ListItem\",\"position\":2,\"name\":\"Verein\"}]},{\"@type\":\"WebSite\",\"@id\":\"https:\/\/stulu.ch\/#website\",\"url\":\"https:\/\/stulu.ch\/\",\"name\":\"STULU\",\"description\":\"\",\"publisher\":{\"@id\":\"https:\/\/stulu.ch\/#organization\"},\"potentialAction\":[{\"@type\":\"SearchAction\",\"target\":{\"@type\":\"EntryPoint\",\"urlTemplate\":\"https:\/\/stulu.ch\/?s={search_term_string}\"},\"query-input\":{\"@type\":\"PropertyValueSpecification\",\"valueRequired\":true,\"valueName\":\"search_term_string\"}}],\"inLanguage\":\"de\"},{\"@type\":\"Organization\",\"@id\":\"https:\/\/stulu.ch\/#organization\",\"name\":\"Studentinnenstadt Luzern\",\"alternateName\":\"STULU\",\"url\":\"https:\/\/stulu.ch\/\",\"logo\":{\"@type\":\"ImageObject\",\"inLanguage\":\"de\",\"@id\":\"https:\/\/stulu.ch\/#\/schema\/logo\/image\/\",\"url\":\"https:\/\/stulu.ch\/wp-content\/uploads\/2024\/07\/cropped-Logo-STULU-transparent.png\",\"contentUrl\":\"https:\/\/stulu.ch\/wp-content\/uploads\/2024\/07\/cropped-Logo-STULU-transparent.png\",\"width\":2215,\"height\":1514,\"caption\":\"Studentinnenstadt Luzern\"},\"image\":{\"@id\":\"https:\/\/stulu.ch\/#\/schema\/logo\/image\/\"}}]}<\/script>\n<!-- \/ Yoast SEO plugin. -->","yoast_head_json":{"title":"Verein - STULU","description":"Der Verein Studentinnenstadt Luzern bezweckt, die Stadt Luzern f\u00fcr alle Studierenden in allen Belangen attraktiver zu gestalten.","robots":{"index":"index","follow":"follow","max-snippet":"max-snippet:-1","max-image-preview":"max-image-preview:large","max-video-preview":"max-video-preview:-1"},"canonical":"https:\/\/stulu.ch\/index.php\/verein-studentinnenstadt-luzern\/","og_locale":"de_DE","og_type":"article","og_title":"Verein - STULU","og_description":"Der Verein Studentinnenstadt Luzern bezweckt, die Stadt Luzern f\u00fcr alle Studierenden in allen Belangen attraktiver zu gestalten.","og_url":"https:\/\/stulu.ch\/index.php\/verein-studentinnenstadt-luzern\/","og_site_name":"STULU","article_modified_time":"2024-11-11T14:14:05+00:00","twitter_card":"summary_large_image","twitter_misc":{"Gesch\u00e4tzte Lesezeit":"1\u00a0Minute"},"schema":{"@context":"https:\/\/schema.org","@graph":[{"@type":"WebPage","@id":"https:\/\/stulu.ch\/index.php\/verein-studentinnenstadt-luzern\/","url":"https:\/\/stulu.ch\/index.php\/verein-studentinnenstadt-luzern\/","name":"Verein - STULU","isPartOf":{"@id":"https:\/\/stulu.ch\/#website"},"datePublished":"2024-08-17T17:51:26+00:00","dateModified":"2024-11-11T14:14:05+00:00","description":"Der Verein Studentinnenstadt Luzern bezweckt, die Stadt Luzern f\u00fcr alle Studierenden in allen Belangen attraktiver zu gestalten.","breadcrumb":{"@id":"https:\/\/stulu.ch\/index.php\/verein-studentinnenstadt-luzern\/#breadcrumb"},"inLanguage":"de","potentialAction":[{"@type":"ReadAction","target":["https:\/\/stulu.ch\/index.php\/verein-studentinnenstadt-luzern\/"]}]},{"@type":"BreadcrumbList","@id":"https:\/\/stulu.ch\/index.php\/verein-studentinnenstadt-luzern\/#breadcrumb","itemListElement":[{"@type":"ListItem","position":1,"name":"Startseite","item":"https:\/\/stulu.ch\/"},{"@type":"ListItem","position":2,"name":"Verein"}]},{"@type":"WebSite","@id":"https:\/\/stulu.ch\/#website","url":"https:\/\/stulu.ch\/","name":"STULU","description":"","publisher":{"@id":"https:\/\/stulu.ch\/#organization"},"potentialAction":[{"@type":"SearchAction","target":{"@type":"EntryPoint","urlTemplate":"https:\/\/stulu.ch\/?s={search_term_string}"},"query-input":{"@type":"PropertyValueSpecification","valueRequired":true,"valueName":"search_term_string"}}],"inLanguage":"de"},{"@type":"Organization","@id":"https:\/\/stulu.ch\/#organization","name":"Studentinnenstadt Luzern","alternateName":"STULU","url":"https:\/\/stulu.ch\/","logo":{"@type":"ImageObject","inLanguage":"de","@id":"https:\/\/stulu.ch\/#\/schema\/logo\/image\/","url":"https:\/\/stulu.ch\/wp-content\/uploads\/2024\/07\/cropped-Logo-STULU-transparent.png","contentUrl":"https:\/\/stulu.ch\/wp-content\/uploads\/2024\/07\/cropped-Logo-STULU-transparent.png","width":2215,"height":1514,"caption":"Studentinnenstadt Luzern"},"image":{"@id":"https:\/\/stulu.ch\/#\/schema\/logo\/image\/"}}]}},"ticketed":false,"_links":{"self":[{"href":"https:\/\/stulu.ch\/index.php\/wp-json\/wp\/v2\/pages\/55","targetHints":{"allow":["GET"]}}],"collection":[{"href":"https:\/\/stulu.ch\/index.php\/wp-json\/wp\/v2\/pages"}],"about":[{"href":"https:\/\/stulu.ch\/index.php\/wp-json\/wp\/v2\/types\/page"}],"author":[{"embeddable":true,"href":"https:\/\/stulu.ch\/index.php\/wp-json\/wp\/v2\/users\/1"}],"replies":[{"embeddable":true,"href":"https:\/\/stulu.ch\/index.php\/wp-json\/wp\/v2\/comments?post=55"}],"version-history":[{"count":8,"href":"https:\/\/stulu.ch\/index.php\/wp-json\/wp\/v2\/pages\/55\/revisions"}],"predecessor-version":[{"id":329,"href":"https:\/\/stulu.ch\/index.php\/wp-json\/wp\/v2\/pages\/55\/revisions\/329"}],"wp:attachment":[{"href":"https:\/\/stulu.ch\/index.php\/wp-json\/wp\/v2\/media?parent=55"}],"curies":[{"name":"wp","href":"https:\/\/api.w.org\/{rel}","templated":true}]}}