{"id":533,"date":"2025-01-26T13:44:49","date_gmt":"2025-01-26T13:44:49","guid":{"rendered":"https:\/\/stulu.ch\/?page_id=533"},"modified":"2025-03-19T09:26:30","modified_gmt":"2025-03-19T09:26:30","slug":"geschichtspfad-reussthal","status":"publish","type":"page","link":"https:\/\/stulu.ch\/index.php\/geschichtspfad-reussthal\/","title":{"rendered":"Geschichtspfad Reussthal"},"content":{"rendered":"\n<p>Der Verein&nbsp;<strong>Student<mark style=\"background-color:rgba(0, 0, 0, 0);color:#9da1a2\" class=\"has-inline-color\">inn<\/mark>enstadt Luzern<\/strong>&nbsp;bezweckt, die Stadt Luzern f\u00fcr alle Studierenden in allen Belangen attraktiver zu gestalten. Dazu geh\u00f6ren auch verschiedene Projekte wie der hier beschriebene Geschichtspfad Reussthal.<\/p>\n\n\n\n<h2 class=\"wp-block-heading\">Ausgangslage<\/h2>\n\n\n\n<p>Das Reussthal erstreckt sich vom St.Karli\/Kreuzstutz bis zur Emme-Br\u00fccke beim Seetalplatz. Seit Generationen wird es gepr\u00e4gt durch die<br>Verkehrswege. Wichtige Nord-S\u00fcd Transporte erfolgten in fr\u00fchen Jahren, so weit m\u00f6glich, \u00fcber die Wasserwege, \u00fcber die Fl\u00fcsse und die Seen.<br>Diese Wege waren sicher und effizient. \u00dcber die Alpenp\u00e4sse wurden die Waren dann auf Saumtiere verladen.<br>Die damals schlecht unterhaltenen Wege und Strassen, und viel sp\u00e4ter auch die Eisenbahnlinien, wurden parallel zu den erfolgreichen Wasserwegen gef\u00fchrt. Der Erfolg der neuen leistungsstarken Bahntransporte und die Zunahme von Wasserkraftwerken in den Flussl\u00e4ufen setzten der Flussschifffahrt und der Fl\u00f6sserei in unserer Region ein j\u00e4hes Ende. Die Bedeutung der Seeschifffahrt \u00fcber den Vierwaldst\u00e4ttersee blieb noch einige Jahre l\u00e4nger erhalten.<br>Dieses \u00fcber Jahrhunderte aufgebaute Verkehrsnetz funktionierte besonders gut entlang dem Rhein und seinen Zufl\u00fcssen. Auf dieser Basis entstand in Europa einer der weltweit erfolgreichsten Wirtschaftsr\u00e4ume, die sogenannte \u00abblaue Banane\u00bb. Die Schweiz mit ihren Alpen\u00fcberg\u00e4ngen in den S\u00fcden liegt mitten in diesem ausserordentlich erfolgreichen Wirtschaftsraum.<br>Das Reussthal ist dabei eine der schweizerischen Schl\u00fcsselstellen in diesem internationalen Verkehrsnetz. Aufgrund der topografischen Vorgaben<br>entwickelten sich die Verkehrsachsen in den ehemaligen T\u00e4lern der Ur-Reuss und treffen f\u00e4cherartig bei der Emmen-Br\u00fccke, beim heutigen Seetalplatz zusammen. Von hier f\u00fchren die gesammelten Verkehrswege des Mittellandes durch das enge Reussthal nach Luzern.<br>Diese strategisch einzigartige Verkehrslage und der damit verbundene wirtschaftliche Erfolg weckten die Begehrlichkeiten und Herrschaftsanspr\u00fcche der Habsburger. Gleichzeitig weckten sie aber auch den Freiheitsdrang der Stadtluzerner und f\u00f6rderten den Beitritt in die Eidgenossenschaft, mit allen dazugeh\u00f6rigen Schlachten.<br>Diese spannende Geschichte mit vielen \u00fcberraschenden Geschichten pr\u00e4gen das Reussthal und mit ihm auch die ganze Region und ihre Entwicklungen. Trotz dieser zentralen Bedeutung wird das Reussthal bis heute als Un-Ort wahrgenommen, kaum beachtet und seit vielen Jahrzehnten vernachl\u00e4ssigt.<br>Entsprechend d\u00fcnn und l\u00fcckenhaft ist auch die bisherige Geschichtsaufarbeitung in diesem Stadtquartier.<\/p>\n\n\n\n<h2 class=\"wp-block-heading\">Projektziel<\/h2>\n\n\n\n<p>Im Reussthal zwischen St.Karli\/Kreuzstutz bis zur Emme-Br\u00fccke beim Seetalplatz sollen die wichtigsten und spannendsten Orte und Geb\u00e4ude aufgezeigt und erl\u00e4utert werden. Dazu soll ein Geschichtspfad mit Beschriftungen und QR-Codes der \u00d6ffentlichekeit zur Verf\u00fcgung stehen.<\/p>\n\n\n\n<h2 class=\"wp-block-heading\">Projektplan &#8211; Phase 1 &#8211; Ausschreibung<\/h2>\n\n\n\n<p>F\u00fcr die chronologischen Erfassung der Eckdaten wurde eine Ausschreibung f\u00fcr den Studiengang Geschichtsdidaktik und \u00f6ffentliche Geschichtsvermittlung an der PHLU erstellt. Details siehe <a href=\"https:\/\/stulu.ch\/wp-content\/uploads\/2025\/01\/Ausschreibung_Praktika_Geschichtspfad_Reussthal-1.pdf\">Pr<\/a><a href=\"https:\/\/stulu.ch\/wp-content\/uploads\/2025\/01\/Ausschreibung_Praktika_Geschichtspfad_Reussthal-1.pdf\" target=\"_blank\" rel=\"noreferrer noopener\">aktikum Geschichtspfad Reussthal<\/a> und <a href=\"https:\/\/netzwerkpublichistory.ch\/boerse\" target=\"_blank\" rel=\"noreferrer noopener\">Schweizer Netzwerk PublicHistory B\u00f6rse<\/a><\/p>\n\n\n\n<h2 class=\"wp-block-heading\">Projektplan &#8211; Phase 2 &#8211; Erfassung<\/h2>\n\n\n\n<p>Mit der chronologischen Erfassung der Eckdaten sollen die Studierenden Zusammenh\u00e4nge und den Einfluss des Reussthal\u2019s auf die regionalen Entwicklungen erfassen und ausleuchten. Allf\u00e4llig neue Erkenntnisse werden selbstverst\u00e4ndlich in den Prozess einfliessen. Die Studierenden erarbeiten selbst\u00e4ndig die ausgew\u00e4hlten oder zugewiesenen Themen, gehen auf Spurensuche in Fachliteratur und Archiven und stellen aussagekr\u00e4ftige Kurz-Dokumentationen zusammen. Diese bilden die Basis f\u00fcr den Geschichtspfad und allf\u00e4llige weiterf\u00fchrende Publikationen. F\u00fcr den Geschichtspfad werden dann kurze Texte mit aussagekr\u00e4ftigen Bildern zusammengestellt. Art, Umfang und Darstellung werden gemeinsam festgelegt. <\/p>\n\n\n\n<h2 class=\"wp-block-heading\">Projektplan &#8211; Phase 3 &#8211; Realisierung<\/h2>\n\n\n\n<p>Erstellen einer Website mit Texten und Bilder der wichtigsten und spannendsten Orte und Geb\u00e4ude. Anfertigen und Montieren von Schildern mit kurzem Text und jeweiligem QR-Code.<\/p>\n\n\n\n<h2 class=\"wp-block-heading\">Projektverantwortliche<\/h2>\n\n\n\n<ul class=\"wp-block-list\">\n<li>Prof. Dr. phil. Franziska Metzger, PHLU, Professorin f\u00fcr Geschichte und Leiterin des Studiengangs Geschichtsdidaktik und \u00f6ffentliche Geschichtsvermittlung<\/li>\n\n\n\n<li>Hans-Urs Hengartner, Pr\u00e4sident Student<mark style=\"background-color:rgba(0, 0, 0, 0);color:#9da1a2\" class=\"has-inline-color\">inn<\/mark>enstadt Luzern<\/li>\n<\/ul>\n","protected":false},"excerpt":{"rendered":"<p>Der Verein&nbsp;Studentinnenstadt Luzern&nbsp;bezweckt, die Stadt Luzern f\u00fcr alle Studierenden in allen Belangen attraktiver zu gestalten. Dazu geh\u00f6ren auch verschiedene Projekte wie der hier beschriebene Geschichtspfad Reussthal. Ausgangslage Das Reussthal erstreckt sich vom St.Karli\/Kreuzstutz bis zur Emme-Br\u00fccke beim Seetalplatz. Seit Generationen wird es gepr\u00e4gt durch dieVerkehrswege. Wichtige Nord-S\u00fcd Transporte erfolgten in fr\u00fchen Jahren, so weit m\u00f6glich,&hellip;<\/p>\n","protected":false},"author":1,"featured_media":546,"parent":0,"menu_order":0,"comment_status":"closed","ping_status":"closed","template":"","meta":{"_price":"","_stock":"","_tribe_ticket_header":"","_tribe_default_ticket_provider":"","_tribe_ticket_capacity":"0","_ticket_start_date":"","_ticket_end_date":"","_tribe_ticket_show_description":"","_tribe_ticket_show_not_going":false,"_tribe_ticket_use_global_stock":"","_tribe_ticket_global_stock_level":"","_global_stock_mode":"","_global_stock_cap":"","_tribe_rsvp_for_event":"","_tribe_ticket_going_count":"","_tribe_ticket_not_going_count":"","_tribe_tickets_list":"[]","_tribe_ticket_has_attendee_info_fields":false,"footnotes":"","_tec_slr_enabled":"","_tec_slr_layout":""},"class_list":["post-533","page","type-page","status-publish","has-post-thumbnail","hentry"],"yoast_head":"<!-- This site is optimized with the Yoast SEO plugin v24.7 - https:\/\/yoast.com\/wordpress\/plugins\/seo\/ -->\n<title>Geschichtspfad Reussthal - STULU<\/title>\n<meta name=\"robots\" content=\"index, follow, max-snippet:-1, max-image-preview:large, max-video-preview:-1\" \/>\n<link rel=\"canonical\" href=\"https:\/\/stulu.ch\/index.php\/geschichtspfad-reussthal\/\" \/>\n<meta property=\"og:locale\" content=\"de_DE\" \/>\n<meta property=\"og:type\" content=\"article\" \/>\n<meta property=\"og:title\" content=\"Geschichtspfad Reussthal - STULU\" \/>\n<meta property=\"og:description\" content=\"Der Verein&nbsp;Studentinnenstadt Luzern&nbsp;bezweckt, die Stadt Luzern f\u00fcr alle Studierenden in allen Belangen attraktiver zu gestalten. Dazu geh\u00f6ren auch verschiedene Projekte wie der hier beschriebene Geschichtspfad Reussthal. Ausgangslage Das Reussthal erstreckt sich vom St.Karli\/Kreuzstutz bis zur Emme-Br\u00fccke beim Seetalplatz. Seit Generationen wird es gepr\u00e4gt durch dieVerkehrswege. Wichtige Nord-S\u00fcd Transporte erfolgten in fr\u00fchen Jahren, so weit m\u00f6glich,&hellip;\" \/>\n<meta property=\"og:url\" content=\"https:\/\/stulu.ch\/index.php\/geschichtspfad-reussthal\/\" \/>\n<meta property=\"og:site_name\" content=\"STULU\" \/>\n<meta property=\"article:modified_time\" content=\"2025-03-19T09:26:30+00:00\" \/>\n<meta property=\"og:image\" content=\"https:\/\/stulu.ch\/wp-content\/uploads\/2025\/01\/Bild-3-Postkarten-von-Fluehmuehle-bis-Emmenbruecke-scaled.jpg\" \/>\n\t<meta property=\"og:image:width\" content=\"2560\" \/>\n\t<meta property=\"og:image:height\" content=\"559\" \/>\n\t<meta property=\"og:image:type\" content=\"image\/jpeg\" \/>\n<meta name=\"twitter:card\" content=\"summary_large_image\" \/>\n<meta name=\"twitter:label1\" content=\"Gesch\u00e4tzte Lesezeit\" \/>\n\t<meta name=\"twitter:data1\" content=\"4\u00a0Minuten\" \/>\n<script type=\"application\/ld+json\" class=\"yoast-schema-graph\">{\"@context\":\"https:\/\/schema.org\",\"@graph\":[{\"@type\":\"WebPage\",\"@id\":\"https:\/\/stulu.ch\/index.php\/geschichtspfad-reussthal\/\",\"url\":\"https:\/\/stulu.ch\/index.php\/geschichtspfad-reussthal\/\",\"name\":\"Geschichtspfad Reussthal - STULU\",\"isPartOf\":{\"@id\":\"https:\/\/stulu.ch\/#website\"},\"primaryImageOfPage\":{\"@id\":\"https:\/\/stulu.ch\/index.php\/geschichtspfad-reussthal\/#primaryimage\"},\"image\":{\"@id\":\"https:\/\/stulu.ch\/index.php\/geschichtspfad-reussthal\/#primaryimage\"},\"thumbnailUrl\":\"https:\/\/stulu.ch\/wp-content\/uploads\/2025\/01\/Bild-3-Postkarten-von-Fluehmuehle-bis-Emmenbruecke-scaled.jpg\",\"datePublished\":\"2025-01-26T13:44:49+00:00\",\"dateModified\":\"2025-03-19T09:26:30+00:00\",\"breadcrumb\":{\"@id\":\"https:\/\/stulu.ch\/index.php\/geschichtspfad-reussthal\/#breadcrumb\"},\"inLanguage\":\"de\",\"potentialAction\":[{\"@type\":\"ReadAction\",\"target\":[\"https:\/\/stulu.ch\/index.php\/geschichtspfad-reussthal\/\"]}]},{\"@type\":\"ImageObject\",\"inLanguage\":\"de\",\"@id\":\"https:\/\/stulu.ch\/index.php\/geschichtspfad-reussthal\/#primaryimage\",\"url\":\"https:\/\/stulu.ch\/wp-content\/uploads\/2025\/01\/Bild-3-Postkarten-von-Fluehmuehle-bis-Emmenbruecke-scaled.jpg\",\"contentUrl\":\"https:\/\/stulu.ch\/wp-content\/uploads\/2025\/01\/Bild-3-Postkarten-von-Fluehmuehle-bis-Emmenbruecke-scaled.jpg\",\"width\":2560,\"height\":559,\"caption\":\"3 Postkarten von Fl\u00fchm\u00fchle bis Emmenbr\u00fccke\"},{\"@type\":\"BreadcrumbList\",\"@id\":\"https:\/\/stulu.ch\/index.php\/geschichtspfad-reussthal\/#breadcrumb\",\"itemListElement\":[{\"@type\":\"ListItem\",\"position\":1,\"name\":\"Startseite\",\"item\":\"https:\/\/stulu.ch\/\"},{\"@type\":\"ListItem\",\"position\":2,\"name\":\"Geschichtspfad Reussthal\"}]},{\"@type\":\"WebSite\",\"@id\":\"https:\/\/stulu.ch\/#website\",\"url\":\"https:\/\/stulu.ch\/\",\"name\":\"STULU\",\"description\":\"\",\"publisher\":{\"@id\":\"https:\/\/stulu.ch\/#organization\"},\"potentialAction\":[{\"@type\":\"SearchAction\",\"target\":{\"@type\":\"EntryPoint\",\"urlTemplate\":\"https:\/\/stulu.ch\/?s={search_term_string}\"},\"query-input\":{\"@type\":\"PropertyValueSpecification\",\"valueRequired\":true,\"valueName\":\"search_term_string\"}}],\"inLanguage\":\"de\"},{\"@type\":\"Organization\",\"@id\":\"https:\/\/stulu.ch\/#organization\",\"name\":\"Studentinnenstadt Luzern\",\"alternateName\":\"STULU\",\"url\":\"https:\/\/stulu.ch\/\",\"logo\":{\"@type\":\"ImageObject\",\"inLanguage\":\"de\",\"@id\":\"https:\/\/stulu.ch\/#\/schema\/logo\/image\/\",\"url\":\"https:\/\/stulu.ch\/wp-content\/uploads\/2024\/07\/cropped-Logo-STULU-transparent.png\",\"contentUrl\":\"https:\/\/stulu.ch\/wp-content\/uploads\/2024\/07\/cropped-Logo-STULU-transparent.png\",\"width\":2215,\"height\":1514,\"caption\":\"Studentinnenstadt Luzern\"},\"image\":{\"@id\":\"https:\/\/stulu.ch\/#\/schema\/logo\/image\/\"}}]}<\/script>\n<!-- \/ Yoast SEO plugin. -->","yoast_head_json":{"title":"Geschichtspfad Reussthal - STULU","robots":{"index":"index","follow":"follow","max-snippet":"max-snippet:-1","max-image-preview":"max-image-preview:large","max-video-preview":"max-video-preview:-1"},"canonical":"https:\/\/stulu.ch\/index.php\/geschichtspfad-reussthal\/","og_locale":"de_DE","og_type":"article","og_title":"Geschichtspfad Reussthal - STULU","og_description":"Der Verein&nbsp;Studentinnenstadt Luzern&nbsp;bezweckt, die Stadt Luzern f\u00fcr alle Studierenden in allen Belangen attraktiver zu gestalten. Dazu geh\u00f6ren auch verschiedene Projekte wie der hier beschriebene Geschichtspfad Reussthal. Ausgangslage Das Reussthal erstreckt sich vom St.Karli\/Kreuzstutz bis zur Emme-Br\u00fccke beim Seetalplatz. Seit Generationen wird es gepr\u00e4gt durch dieVerkehrswege. Wichtige Nord-S\u00fcd Transporte erfolgten in fr\u00fchen Jahren, so weit m\u00f6glich,&hellip;","og_url":"https:\/\/stulu.ch\/index.php\/geschichtspfad-reussthal\/","og_site_name":"STULU","article_modified_time":"2025-03-19T09:26:30+00:00","og_image":[{"width":2560,"height":559,"url":"https:\/\/stulu.ch\/wp-content\/uploads\/2025\/01\/Bild-3-Postkarten-von-Fluehmuehle-bis-Emmenbruecke-scaled.jpg","type":"image\/jpeg"}],"twitter_card":"summary_large_image","twitter_misc":{"Gesch\u00e4tzte Lesezeit":"4\u00a0Minuten"},"schema":{"@context":"https:\/\/schema.org","@graph":[{"@type":"WebPage","@id":"https:\/\/stulu.ch\/index.php\/geschichtspfad-reussthal\/","url":"https:\/\/stulu.ch\/index.php\/geschichtspfad-reussthal\/","name":"Geschichtspfad Reussthal - STULU","isPartOf":{"@id":"https:\/\/stulu.ch\/#website"},"primaryImageOfPage":{"@id":"https:\/\/stulu.ch\/index.php\/geschichtspfad-reussthal\/#primaryimage"},"image":{"@id":"https:\/\/stulu.ch\/index.php\/geschichtspfad-reussthal\/#primaryimage"},"thumbnailUrl":"https:\/\/stulu.ch\/wp-content\/uploads\/2025\/01\/Bild-3-Postkarten-von-Fluehmuehle-bis-Emmenbruecke-scaled.jpg","datePublished":"2025-01-26T13:44:49+00:00","dateModified":"2025-03-19T09:26:30+00:00","breadcrumb":{"@id":"https:\/\/stulu.ch\/index.php\/geschichtspfad-reussthal\/#breadcrumb"},"inLanguage":"de","potentialAction":[{"@type":"ReadAction","target":["https:\/\/stulu.ch\/index.php\/geschichtspfad-reussthal\/"]}]},{"@type":"ImageObject","inLanguage":"de","@id":"https:\/\/stulu.ch\/index.php\/geschichtspfad-reussthal\/#primaryimage","url":"https:\/\/stulu.ch\/wp-content\/uploads\/2025\/01\/Bild-3-Postkarten-von-Fluehmuehle-bis-Emmenbruecke-scaled.jpg","contentUrl":"https:\/\/stulu.ch\/wp-content\/uploads\/2025\/01\/Bild-3-Postkarten-von-Fluehmuehle-bis-Emmenbruecke-scaled.jpg","width":2560,"height":559,"caption":"3 Postkarten von Fl\u00fchm\u00fchle bis Emmenbr\u00fccke"},{"@type":"BreadcrumbList","@id":"https:\/\/stulu.ch\/index.php\/geschichtspfad-reussthal\/#breadcrumb","itemListElement":[{"@type":"ListItem","position":1,"name":"Startseite","item":"https:\/\/stulu.ch\/"},{"@type":"ListItem","position":2,"name":"Geschichtspfad Reussthal"}]},{"@type":"WebSite","@id":"https:\/\/stulu.ch\/#website","url":"https:\/\/stulu.ch\/","name":"STULU","description":"","publisher":{"@id":"https:\/\/stulu.ch\/#organization"},"potentialAction":[{"@type":"SearchAction","target":{"@type":"EntryPoint","urlTemplate":"https:\/\/stulu.ch\/?s={search_term_string}"},"query-input":{"@type":"PropertyValueSpecification","valueRequired":true,"valueName":"search_term_string"}}],"inLanguage":"de"},{"@type":"Organization","@id":"https:\/\/stulu.ch\/#organization","name":"Studentinnenstadt Luzern","alternateName":"STULU","url":"https:\/\/stulu.ch\/","logo":{"@type":"ImageObject","inLanguage":"de","@id":"https:\/\/stulu.ch\/#\/schema\/logo\/image\/","url":"https:\/\/stulu.ch\/wp-content\/uploads\/2024\/07\/cropped-Logo-STULU-transparent.png","contentUrl":"https:\/\/stulu.ch\/wp-content\/uploads\/2024\/07\/cropped-Logo-STULU-transparent.png","width":2215,"height":1514,"caption":"Studentinnenstadt Luzern"},"image":{"@id":"https:\/\/stulu.ch\/#\/schema\/logo\/image\/"}}]}},"ticketed":false,"_links":{"self":[{"href":"https:\/\/stulu.ch\/index.php\/wp-json\/wp\/v2\/pages\/533","targetHints":{"allow":["GET"]}}],"collection":[{"href":"https:\/\/stulu.ch\/index.php\/wp-json\/wp\/v2\/pages"}],"about":[{"href":"https:\/\/stulu.ch\/index.php\/wp-json\/wp\/v2\/types\/page"}],"author":[{"embeddable":true,"href":"https:\/\/stulu.ch\/index.php\/wp-json\/wp\/v2\/users\/1"}],"replies":[{"embeddable":true,"href":"https:\/\/stulu.ch\/index.php\/wp-json\/wp\/v2\/comments?post=533"}],"version-history":[{"count":9,"href":"https:\/\/stulu.ch\/index.php\/wp-json\/wp\/v2\/pages\/533\/revisions"}],"predecessor-version":[{"id":567,"href":"https:\/\/stulu.ch\/index.php\/wp-json\/wp\/v2\/pages\/533\/revisions\/567"}],"wp:featuredmedia":[{"embeddable":true,"href":"https:\/\/stulu.ch\/index.php\/wp-json\/wp\/v2\/media\/546"}],"wp:attachment":[{"href":"https:\/\/stulu.ch\/index.php\/wp-json\/wp\/v2\/media?parent=533"}],"curies":[{"name":"wp","href":"https:\/\/api.w.org\/{rel}","templated":true}]}}