{"id":337,"date":"2024-09-24T10:47:46","date_gmt":"2024-09-24T10:47:46","guid":{"rendered":"https:\/\/stulu.ch\/?page_id=337"},"modified":"2025-03-19T09:22:03","modified_gmt":"2025-03-19T09:22:03","slug":"projekte","status":"publish","type":"page","link":"https:\/\/stulu.ch\/index.php\/projekte\/","title":{"rendered":"Projekte"},"content":{"rendered":"\n<p>Der Verein <strong>Student<mark style=\"background-color:rgba(0, 0, 0, 0);color:#9da1a2\" class=\"has-inline-color\">inn<\/mark>enstadt Luzern<\/strong>&nbsp;STULU bezweckt, die Stadt Luzern f\u00fcr alle Studierenden in allen Belangen attraktiver zu gestalten. Dazu geh\u00f6ren auch verschiedene Projekte wie unten aufgelistet.<\/p>\n\n\n\n<div style=\"height:75px\" aria-hidden=\"true\" class=\"wp-block-spacer\"><\/div>\n\n\n\n<h2 class=\"wp-block-heading\">Geschichtspfad Reussthal<\/h2>\n\n\n\n<figure class=\"wp-block-image size-large\"><a href=\"https:\/\/stulu.ch\/index.php\/geschichtspfad-reussthal\/\"><img loading=\"lazy\" decoding=\"async\" width=\"1024\" height=\"223\" src=\"https:\/\/stulu.ch\/wp-content\/uploads\/2025\/01\/Bild-3-Postkarten-von-Fluehmuehle-bis-Emmenbruecke-1024x223.jpg\" alt=\"3 Postkarten von Fl\u00fchm\u00fchle bis Emmenbr\u00fccke\" class=\"wp-image-546\" srcset=\"https:\/\/stulu.ch\/wp-content\/uploads\/2025\/01\/Bild-3-Postkarten-von-Fluehmuehle-bis-Emmenbruecke-1024x223.jpg 1024w, https:\/\/stulu.ch\/wp-content\/uploads\/2025\/01\/Bild-3-Postkarten-von-Fluehmuehle-bis-Emmenbruecke-300x65.jpg 300w, https:\/\/stulu.ch\/wp-content\/uploads\/2025\/01\/Bild-3-Postkarten-von-Fluehmuehle-bis-Emmenbruecke-768x168.jpg 768w, https:\/\/stulu.ch\/wp-content\/uploads\/2025\/01\/Bild-3-Postkarten-von-Fluehmuehle-bis-Emmenbruecke-1536x335.jpg 1536w, https:\/\/stulu.ch\/wp-content\/uploads\/2025\/01\/Bild-3-Postkarten-von-Fluehmuehle-bis-Emmenbruecke-2048x447.jpg 2048w, https:\/\/stulu.ch\/wp-content\/uploads\/2025\/01\/Bild-3-Postkarten-von-Fluehmuehle-bis-Emmenbruecke-1080x236.jpg 1080w\" sizes=\"auto, (max-width: 1024px) 100vw, 1024px\" \/><\/a><figcaption class=\"wp-element-caption\">Postkarten: &#8218;Gruss von der Fluhm\u00fchle&#8216; | &#8218;Gruss aus Reuss-B\u00fchl und Thal&#8216; | &#8218;Gruss aus Reussb\u00fchl-Emmenbr\u00fccke&#8216;<\/figcaption><\/figure>\n\n\n\n<div style=\"height:75px\" aria-hidden=\"true\" class=\"wp-block-spacer\"><\/div>\n\n\n\n<h2 class=\"wp-block-heading\"><strong>Couleurstudentisches Museum, Schweiz<\/strong><\/h2>\n\n\n\n<figure class=\"wp-block-image size-full is-resized\"><a href=\"https:\/\/stulu.ch\/index.php\/studentinnen-museum\/\"><img loading=\"lazy\" decoding=\"async\" width=\"676\" height=\"226\" src=\"https:\/\/stulu.ch\/wp-content\/uploads\/2024\/10\/Studentenmuseum-Uebersicht-676x226-ohne-Text.jpg\" alt=\"\u201eSchau-Depot\u201c des SVSt\" class=\"wp-image-407\" style=\"width:652px;height:auto\" srcset=\"https:\/\/stulu.ch\/wp-content\/uploads\/2024\/10\/Studentenmuseum-Uebersicht-676x226-ohne-Text.jpg 676w, https:\/\/stulu.ch\/wp-content\/uploads\/2024\/10\/Studentenmuseum-Uebersicht-676x226-ohne-Text-300x100.jpg 300w\" sizes=\"auto, (max-width: 676px) 100vw, 676px\" \/><\/a><figcaption class=\"wp-element-caption\">\u201eSchau-Depot\u201c der Schweizerische Vereinigung f\u00fcr Studentengeschichte im Zeughaus Musegg Luzern<\/figcaption><\/figure>\n\n\n\n<div style=\"height:50px\" aria-hidden=\"true\" class=\"wp-block-spacer\"><\/div>\n\n\n\n<h3 class=\"wp-block-heading\">Projekte in Vorbereitung:<\/h3>\n\n\n\n<ul class=\"wp-block-list\">\n<li>Studentisches Wohnen<\/li>\n\n\n\n<li>Studentenorganisationen<\/li>\n\n\n\n<li>Hochschulen Luzern<\/li>\n\n\n\n<li>Mittelschulen Zentralschweiz<\/li>\n\n\n\n<li>Social Media<\/li>\n\n\n\n<li>Schweizerischer Studentenverein<\/li>\n\n\n\n<li>Verbindungen Platz Luzern<\/li>\n\n\n\n<li>Partnerstadt Bournemouth<\/li>\n<\/ul>\n\n\n\n<h3 class=\"wp-block-heading\">Interesse an einem Projekt mitzumachen?<\/h3>\n\n\n\n<div class=\"wp-block-buttons is-layout-flex wp-block-buttons-is-layout-flex\">\n<div class=\"wp-block-button\"><a class=\"wp-block-button__link wp-element-button\" href=\"https:\/\/stulu.ch\/index.php\/kontakt\/\">Dann melde dich hier<\/a><\/div>\n<\/div>\n","protected":false},"excerpt":{"rendered":"<p>Der Verein Studentinnenstadt Luzern&nbsp;STULU bezweckt, die Stadt Luzern f\u00fcr alle Studierenden in allen Belangen attraktiver zu gestalten. Dazu geh\u00f6ren auch verschiedene Projekte wie unten aufgelistet. Geschichtspfad Reussthal Couleurstudentisches Museum, Schweiz Projekte in Vorbereitung: Interesse an einem Projekt mitzumachen?<\/p>\n","protected":false},"author":1,"featured_media":0,"parent":0,"menu_order":0,"comment_status":"closed","ping_status":"closed","template":"","meta":{"_price":"","_stock":"","_tribe_ticket_header":"","_tribe_default_ticket_provider":"","_tribe_ticket_capacity":"0","_ticket_start_date":"","_ticket_end_date":"","_tribe_ticket_show_description":"","_tribe_ticket_show_not_going":false,"_tribe_ticket_use_global_stock":"","_tribe_ticket_global_stock_level":"","_global_stock_mode":"","_global_stock_cap":"","_tribe_rsvp_for_event":"","_tribe_ticket_going_count":"","_tribe_ticket_not_going_count":"","_tribe_tickets_list":"[]","_tribe_ticket_has_attendee_info_fields":false,"footnotes":"","_tec_slr_enabled":"","_tec_slr_layout":""},"class_list":["post-337","page","type-page","status-publish","hentry"],"yoast_head":"<!-- This site is optimized with the Yoast SEO plugin v24.7 - https:\/\/yoast.com\/wordpress\/plugins\/seo\/ -->\n<title>Projekte - STULU<\/title>\n<meta name=\"description\" content=\"Der Verein Studentinnenstadt Luzern engagiert sich f\u00fcr eine attraktivere Stadt f\u00fcr Studierende. Vielf\u00e4ltige Projekte zur F\u00f6rderung von Wohnm\u00f6glichkeiten, kulturellen Initiativen und sozialer Vernetzung schaffen eine lebendige Studierendenstadt.\" \/>\n<meta name=\"robots\" content=\"index, follow, max-snippet:-1, max-image-preview:large, max-video-preview:-1\" \/>\n<link rel=\"canonical\" href=\"https:\/\/stulu.ch\/index.php\/projekte\/\" \/>\n<meta property=\"og:locale\" content=\"de_DE\" \/>\n<meta property=\"og:type\" content=\"article\" \/>\n<meta property=\"og:title\" content=\"Projekte - STULU\" \/>\n<meta property=\"og:description\" content=\"Der Verein Studentinnenstadt Luzern engagiert sich f\u00fcr eine attraktivere Stadt f\u00fcr Studierende. Vielf\u00e4ltige Projekte zur F\u00f6rderung von Wohnm\u00f6glichkeiten, kulturellen Initiativen und sozialer Vernetzung schaffen eine lebendige Studierendenstadt.\" \/>\n<meta property=\"og:url\" content=\"https:\/\/stulu.ch\/index.php\/projekte\/\" \/>\n<meta property=\"og:site_name\" content=\"STULU\" \/>\n<meta property=\"article:modified_time\" content=\"2025-03-19T09:22:03+00:00\" \/>\n<meta property=\"og:image\" content=\"https:\/\/stulu.ch\/wp-content\/uploads\/2025\/01\/Bild-3-Postkarten-von-Fluehmuehle-bis-Emmenbruecke-scaled.jpg\" \/>\n\t<meta property=\"og:image:width\" content=\"2560\" \/>\n\t<meta property=\"og:image:height\" content=\"559\" \/>\n\t<meta property=\"og:image:type\" content=\"image\/jpeg\" \/>\n<meta name=\"twitter:card\" content=\"summary_large_image\" \/>\n<meta name=\"twitter:label1\" content=\"Gesch\u00e4tzte Lesezeit\" \/>\n\t<meta name=\"twitter:data1\" content=\"1\u00a0Minute\" \/>\n<script type=\"application\/ld+json\" class=\"yoast-schema-graph\">{\"@context\":\"https:\/\/schema.org\",\"@graph\":[{\"@type\":\"WebPage\",\"@id\":\"https:\/\/stulu.ch\/index.php\/projekte\/\",\"url\":\"https:\/\/stulu.ch\/index.php\/projekte\/\",\"name\":\"Projekte - STULU\",\"isPartOf\":{\"@id\":\"https:\/\/stulu.ch\/#website\"},\"primaryImageOfPage\":{\"@id\":\"https:\/\/stulu.ch\/index.php\/projekte\/#primaryimage\"},\"image\":{\"@id\":\"https:\/\/stulu.ch\/index.php\/projekte\/#primaryimage\"},\"thumbnailUrl\":\"https:\/\/stulu.ch\/wp-content\/uploads\/2025\/01\/Bild-3-Postkarten-von-Fluehmuehle-bis-Emmenbruecke-1024x223.jpg\",\"datePublished\":\"2024-09-24T10:47:46+00:00\",\"dateModified\":\"2025-03-19T09:22:03+00:00\",\"description\":\"Der Verein Studentinnenstadt Luzern engagiert sich f\u00fcr eine attraktivere Stadt f\u00fcr Studierende. Vielf\u00e4ltige Projekte zur F\u00f6rderung von Wohnm\u00f6glichkeiten, kulturellen Initiativen und sozialer Vernetzung schaffen eine lebendige Studierendenstadt.\",\"breadcrumb\":{\"@id\":\"https:\/\/stulu.ch\/index.php\/projekte\/#breadcrumb\"},\"inLanguage\":\"de\",\"potentialAction\":[{\"@type\":\"ReadAction\",\"target\":[\"https:\/\/stulu.ch\/index.php\/projekte\/\"]}]},{\"@type\":\"ImageObject\",\"inLanguage\":\"de\",\"@id\":\"https:\/\/stulu.ch\/index.php\/projekte\/#primaryimage\",\"url\":\"https:\/\/stulu.ch\/wp-content\/uploads\/2025\/01\/Bild-3-Postkarten-von-Fluehmuehle-bis-Emmenbruecke-scaled.jpg\",\"contentUrl\":\"https:\/\/stulu.ch\/wp-content\/uploads\/2025\/01\/Bild-3-Postkarten-von-Fluehmuehle-bis-Emmenbruecke-scaled.jpg\",\"width\":2560,\"height\":559,\"caption\":\"3 Postkarten von Fl\u00fchm\u00fchle bis Emmenbr\u00fccke\"},{\"@type\":\"BreadcrumbList\",\"@id\":\"https:\/\/stulu.ch\/index.php\/projekte\/#breadcrumb\",\"itemListElement\":[{\"@type\":\"ListItem\",\"position\":1,\"name\":\"Startseite\",\"item\":\"https:\/\/stulu.ch\/\"},{\"@type\":\"ListItem\",\"position\":2,\"name\":\"Projekte\"}]},{\"@type\":\"WebSite\",\"@id\":\"https:\/\/stulu.ch\/#website\",\"url\":\"https:\/\/stulu.ch\/\",\"name\":\"STULU\",\"description\":\"\",\"publisher\":{\"@id\":\"https:\/\/stulu.ch\/#organization\"},\"potentialAction\":[{\"@type\":\"SearchAction\",\"target\":{\"@type\":\"EntryPoint\",\"urlTemplate\":\"https:\/\/stulu.ch\/?s={search_term_string}\"},\"query-input\":{\"@type\":\"PropertyValueSpecification\",\"valueRequired\":true,\"valueName\":\"search_term_string\"}}],\"inLanguage\":\"de\"},{\"@type\":\"Organization\",\"@id\":\"https:\/\/stulu.ch\/#organization\",\"name\":\"Studentinnenstadt Luzern\",\"alternateName\":\"STULU\",\"url\":\"https:\/\/stulu.ch\/\",\"logo\":{\"@type\":\"ImageObject\",\"inLanguage\":\"de\",\"@id\":\"https:\/\/stulu.ch\/#\/schema\/logo\/image\/\",\"url\":\"https:\/\/stulu.ch\/wp-content\/uploads\/2024\/07\/cropped-Logo-STULU-transparent.png\",\"contentUrl\":\"https:\/\/stulu.ch\/wp-content\/uploads\/2024\/07\/cropped-Logo-STULU-transparent.png\",\"width\":2215,\"height\":1514,\"caption\":\"Studentinnenstadt Luzern\"},\"image\":{\"@id\":\"https:\/\/stulu.ch\/#\/schema\/logo\/image\/\"}}]}<\/script>\n<!-- \/ Yoast SEO plugin. -->","yoast_head_json":{"title":"Projekte - STULU","description":"Der Verein Studentinnenstadt Luzern engagiert sich f\u00fcr eine attraktivere Stadt f\u00fcr Studierende. Vielf\u00e4ltige Projekte zur F\u00f6rderung von Wohnm\u00f6glichkeiten, kulturellen Initiativen und sozialer Vernetzung schaffen eine lebendige Studierendenstadt.","robots":{"index":"index","follow":"follow","max-snippet":"max-snippet:-1","max-image-preview":"max-image-preview:large","max-video-preview":"max-video-preview:-1"},"canonical":"https:\/\/stulu.ch\/index.php\/projekte\/","og_locale":"de_DE","og_type":"article","og_title":"Projekte - STULU","og_description":"Der Verein Studentinnenstadt Luzern engagiert sich f\u00fcr eine attraktivere Stadt f\u00fcr Studierende. Vielf\u00e4ltige Projekte zur F\u00f6rderung von Wohnm\u00f6glichkeiten, kulturellen Initiativen und sozialer Vernetzung schaffen eine lebendige Studierendenstadt.","og_url":"https:\/\/stulu.ch\/index.php\/projekte\/","og_site_name":"STULU","article_modified_time":"2025-03-19T09:22:03+00:00","og_image":[{"width":2560,"height":559,"url":"https:\/\/stulu.ch\/wp-content\/uploads\/2025\/01\/Bild-3-Postkarten-von-Fluehmuehle-bis-Emmenbruecke-scaled.jpg","type":"image\/jpeg"}],"twitter_card":"summary_large_image","twitter_misc":{"Gesch\u00e4tzte Lesezeit":"1\u00a0Minute"},"schema":{"@context":"https:\/\/schema.org","@graph":[{"@type":"WebPage","@id":"https:\/\/stulu.ch\/index.php\/projekte\/","url":"https:\/\/stulu.ch\/index.php\/projekte\/","name":"Projekte - STULU","isPartOf":{"@id":"https:\/\/stulu.ch\/#website"},"primaryImageOfPage":{"@id":"https:\/\/stulu.ch\/index.php\/projekte\/#primaryimage"},"image":{"@id":"https:\/\/stulu.ch\/index.php\/projekte\/#primaryimage"},"thumbnailUrl":"https:\/\/stulu.ch\/wp-content\/uploads\/2025\/01\/Bild-3-Postkarten-von-Fluehmuehle-bis-Emmenbruecke-1024x223.jpg","datePublished":"2024-09-24T10:47:46+00:00","dateModified":"2025-03-19T09:22:03+00:00","description":"Der Verein Studentinnenstadt Luzern engagiert sich f\u00fcr eine attraktivere Stadt f\u00fcr Studierende. Vielf\u00e4ltige Projekte zur F\u00f6rderung von Wohnm\u00f6glichkeiten, kulturellen Initiativen und sozialer Vernetzung schaffen eine lebendige Studierendenstadt.","breadcrumb":{"@id":"https:\/\/stulu.ch\/index.php\/projekte\/#breadcrumb"},"inLanguage":"de","potentialAction":[{"@type":"ReadAction","target":["https:\/\/stulu.ch\/index.php\/projekte\/"]}]},{"@type":"ImageObject","inLanguage":"de","@id":"https:\/\/stulu.ch\/index.php\/projekte\/#primaryimage","url":"https:\/\/stulu.ch\/wp-content\/uploads\/2025\/01\/Bild-3-Postkarten-von-Fluehmuehle-bis-Emmenbruecke-scaled.jpg","contentUrl":"https:\/\/stulu.ch\/wp-content\/uploads\/2025\/01\/Bild-3-Postkarten-von-Fluehmuehle-bis-Emmenbruecke-scaled.jpg","width":2560,"height":559,"caption":"3 Postkarten von Fl\u00fchm\u00fchle bis Emmenbr\u00fccke"},{"@type":"BreadcrumbList","@id":"https:\/\/stulu.ch\/index.php\/projekte\/#breadcrumb","itemListElement":[{"@type":"ListItem","position":1,"name":"Startseite","item":"https:\/\/stulu.ch\/"},{"@type":"ListItem","position":2,"name":"Projekte"}]},{"@type":"WebSite","@id":"https:\/\/stulu.ch\/#website","url":"https:\/\/stulu.ch\/","name":"STULU","description":"","publisher":{"@id":"https:\/\/stulu.ch\/#organization"},"potentialAction":[{"@type":"SearchAction","target":{"@type":"EntryPoint","urlTemplate":"https:\/\/stulu.ch\/?s={search_term_string}"},"query-input":{"@type":"PropertyValueSpecification","valueRequired":true,"valueName":"search_term_string"}}],"inLanguage":"de"},{"@type":"Organization","@id":"https:\/\/stulu.ch\/#organization","name":"Studentinnenstadt Luzern","alternateName":"STULU","url":"https:\/\/stulu.ch\/","logo":{"@type":"ImageObject","inLanguage":"de","@id":"https:\/\/stulu.ch\/#\/schema\/logo\/image\/","url":"https:\/\/stulu.ch\/wp-content\/uploads\/2024\/07\/cropped-Logo-STULU-transparent.png","contentUrl":"https:\/\/stulu.ch\/wp-content\/uploads\/2024\/07\/cropped-Logo-STULU-transparent.png","width":2215,"height":1514,"caption":"Studentinnenstadt Luzern"},"image":{"@id":"https:\/\/stulu.ch\/#\/schema\/logo\/image\/"}}]}},"ticketed":false,"_links":{"self":[{"href":"https:\/\/stulu.ch\/index.php\/wp-json\/wp\/v2\/pages\/337","targetHints":{"allow":["GET"]}}],"collection":[{"href":"https:\/\/stulu.ch\/index.php\/wp-json\/wp\/v2\/pages"}],"about":[{"href":"https:\/\/stulu.ch\/index.php\/wp-json\/wp\/v2\/types\/page"}],"author":[{"embeddable":true,"href":"https:\/\/stulu.ch\/index.php\/wp-json\/wp\/v2\/users\/1"}],"replies":[{"embeddable":true,"href":"https:\/\/stulu.ch\/index.php\/wp-json\/wp\/v2\/comments?post=337"}],"version-history":[{"count":18,"href":"https:\/\/stulu.ch\/index.php\/wp-json\/wp\/v2\/pages\/337\/revisions"}],"predecessor-version":[{"id":565,"href":"https:\/\/stulu.ch\/index.php\/wp-json\/wp\/v2\/pages\/337\/revisions\/565"}],"wp:attachment":[{"href":"https:\/\/stulu.ch\/index.php\/wp-json\/wp\/v2\/media?parent=337"}],"curies":[{"name":"wp","href":"https:\/\/api.w.org\/{rel}","templated":true}]}}