{"id":231,"date":"2024-08-25T15:50:59","date_gmt":"2024-08-25T15:50:59","guid":{"rendered":"https:\/\/stulu.ch\/?page_id=231"},"modified":"2024-08-25T16:13:33","modified_gmt":"2024-08-25T16:13:33","slug":"chf-50-00","status":"publish","type":"page","link":"https:\/\/stulu.ch\/index.php\/chf-50-00\/","title":{"rendered":"CHF &lt; 50.00"},"content":{"rendered":"\n<h2 class=\"wp-block-heading\">Essen<\/h2>\n\n\n\n<p><a href=\"https:\/\/www.tripadvisor.ch\/FindRestaurants?geo=188064&amp;establishmentTypes=10591&amp;priceTypes=10953&amp;styles=10604%2C11777&amp;broadened=false\" target=\"_blank\" rel=\"noreferrer noopener\">tripadviser.ch<\/a><\/p>\n\n\n\n<p><a href=\"https:\/\/www.zentralplus.ch\/regionales-leben\/wo-man-schon-fuer-3-50-franken-anstaendig-essen-kann-815213\/\" target=\"_blank\" rel=\"noreferrer noopener\">zentralplus.ch<\/a><\/p>\n\n\n\n<p><a href=\"https:\/\/studirat.ch\/die-preiswertesten-restaurantangebote-in-luzern\/\" target=\"_blank\" rel=\"noreferrer noopener\">studirat.ch<\/a><\/p>\n\n\n\n<p><a href=\"https:\/\/www.lunchgate.ch\/restaurants\/Luzern\" target=\"_blank\" rel=\"noreferrer noopener\">lunchgate.ch<\/a><\/p>\n\n\n\n<p><a href=\"https:\/\/interrailplanner.com\/blog\/de\/luzern-der-bezahlbarste-ort-zum-essen\/\" target=\"_blank\" rel=\"noreferrer noopener\">interrailplanner.com<\/a><\/p>\n\n\n\n<h2 class=\"wp-block-heading\">Ausgang<\/h2>\n\n\n\n<p><a href=\"https:\/\/www.guidle.com\/de\/veranstaltungen\/luzern#filters=\u00acTagIds=&amp;resultsPerPage=&amp;tagIds=-142552251522502,-125558251522502,-530220251522502,-125617251522502,-204159251522502,-572544251522502,-112178251522502,-109958251522502,-107669251522502,-114454251522502\" target=\"_blank\" rel=\"noreferrer noopener\">guidle.ch<\/a><\/p>\n\n\n\n<p><a href=\"https:\/\/gangus.ch\/?regions=19&amp;categories=10\" target=\"_blank\" rel=\"noreferrer noopener\">gangus.ch\/club<\/a><\/p>\n\n\n\n<p><a href=\"https:\/\/gangus.ch\/?regions=19&amp;categories=12\" target=\"_blank\" rel=\"noreferrer noopener\">gangus.ch\/tanz<\/a><\/p>\n\n\n\n<p><a href=\"https:\/\/gangus.ch\/?regions=19&amp;categories=15\" target=\"_blank\" rel=\"noreferrer noopener\">gangus.ch\/film<\/a><\/p>\n\n\n\n<p><a href=\"https:\/\/gangus.ch\/?categories=9\u00aeions=19\" target=\"_blank\" rel=\"noreferrer noopener\">gangus.ch\/konzert<\/a><\/p>\n\n\n\n<p><a href=\"https:\/\/gangus.ch\/?regions=19&amp;categories=11\" target=\"_blank\" rel=\"noreferrer noopener\">gangus.ch\/theater<\/a><\/p>\n\n\n\n<p><a href=\"https:\/\/www.schuur.ch\/\" target=\"_blank\" rel=\"noreferrer noopener\">konzerthaus sch\u00fc\u00fcr<\/a><\/p>\n\n\n\n<p><a href=\"https:\/\/sedel.ch\/\" target=\"_blank\" rel=\"noreferrer noopener\">musikzentrum sedel<\/a><\/p>\n\n\n\n<p><a href=\"https:\/\/www.sudpol.ch\/\" target=\"_blank\" rel=\"noreferrer noopener\">kulturhaus s\u00fcdpol<\/a><\/p>\n\n\n\n<p><a href=\"https:\/\/www.rokklub.ch\/\" target=\"_blank\" rel=\"noreferrer noopener\">rok klub<\/a><\/p>\n\n\n\n<p><a href=\"https:\/\/luzern.jodlerwirt.ch\/main\/veranstaltungen\" target=\"_blank\" rel=\"noreferrer noopener\">schlagerbeiz<\/a><\/p>\n\n\n\n<p><a href=\"https:\/\/www.luzern.com\/de\/stadt\/essen-trinken\/bars-nightlife\" target=\"_blank\" rel=\"noreferrer noopener\">luzern.com<\/a><\/p>\n\n\n\n<p><a href=\"https:\/\/www.ticketcorner.ch\/city\/luzern-19\/\" target=\"_blank\" rel=\"noreferrer noopener\">ticketcorner.ch<\/a><\/p>\n\n\n\n<h2 class=\"wp-block-heading\">Tagesausfl\u00fcge<\/h2>\n\n\n\n<p><a href=\"https:\/\/www.luzern.com\/de\/erlebnisregion\/ausfluege\" target=\"_blank\" rel=\"noreferrer noopener\">luzern.com<\/a><\/p>\n\n\n\n<p><a href=\"https:\/\/www.luzern.com\/de\/erlebnisregion\/ganzjaehrig\/schlechtwetter\" target=\"_blank\" rel=\"noreferrer noopener\">luzern.com\/schlechtwetter<\/a><\/p>\n\n\n\n<p><a href=\"https:\/\/www.swissactivities.com\/stadt-luzern\/\" target=\"_blank\" rel=\"noreferrer noopener\">swissactivities.com<\/a><\/p>\n\n\n\n<p><a href=\"https:\/\/www.outdooractive.com\/de\/reisefuehrer\/schweiz\/luzern\/1037865\/\" target=\"_blank\" rel=\"noreferrer noopener\">outdooractive.ch<\/a><\/p>\n\n\n\n<p><a href=\"https:\/\/www.sbb.ch\/de\/freizeit-ferien\/ausflugsideen-entdecken.html\" target=\"_blank\" rel=\"noreferrer noopener\">sbb.ch<\/a><\/p>\n\n\n\n<p><a href=\"https:\/\/www.visitlocals.ch\/de\/blog\/26-geniale-geheimtipps-fuer-ausfluege-in-der-zentralschweiz-ausflugsziele-mit-kindern-oder-ohne-die-du-nie-vergessen-wirst\" target=\"_blank\" rel=\"noreferrer noopener\">visitlocals.ch<\/a><\/p>\n\n\n\n<p><a href=\"https:\/\/www.viator.com\/de-CH\/blog\/Lucerne\/d576\/How-to-Spend-1-Day-in-Lucerne\/i27163\" target=\"_blank\" rel=\"noreferrer noopener\">viator.com<\/a><\/p>\n\n\n\n<p><a href=\"https:\/\/famigros.migros.ch\/de\/ausfluege-und-freizeit\/ausflugsziele\/tags\/draussen\/luzern\" target=\"_blank\" rel=\"noreferrer noopener\">famigros<\/a><\/p>\n\n\n\n<p><a href=\"https:\/\/www.hellofamily.ch\/de\/freizeit\/ausfluege\/luzern.html\" target=\"_blank\" rel=\"noreferrer noopener\">hellofamily.ch<\/a><\/p>\n\n\n\n<p><a href=\"https:\/\/www.krimi-trails.ch\/produkt\/krimi-trail-luzern-mord-beim-voegelipark\/\" target=\"_blank\" rel=\"noreferrer noopener\">krimi-trails.ch<\/a><\/p>\n\n\n\n<p><a href=\"https:\/\/www.lakelucerne.ch\/de\/\" target=\"_blank\" rel=\"noreferrer noopener\">lakelucerne.ch<\/a><\/p>\n\n\n\n<p><a href=\"https:\/\/www.luzerner-wanderwege.ch\/de\/ewalc?gkat=Suche+Ewalc&amp;keyword=Luzern&amp;submit=Suche&amp;kind%5B%5D=1&amp;dur-from=1&amp;dur-to=99&amp;date-from=&amp;date-to=\" target=\"_blank\" rel=\"noreferrer noopener\">luzerner-wanderwege.ch<\/a><\/p>\n\n\n\n<p><a href=\"https:\/\/www.myswitzerland.com\/de-ch\/erlebnisse\/sommer-herbst\/wandern\/wandern-suche\/-\/luzern-vierwaldstaettersee\/\" target=\"_blank\" rel=\"noreferrer noopener\">myswitzerland.com\/wandern<\/a><\/p>\n\n\n\n<p><a href=\"https:\/\/www.wanderungen.ch\/de\/regionen\/kantone\/wanderungen-im-kanton-luzern.html\" target=\"_blank\" rel=\"noreferrer noopener\">wanderungen.ch<\/a><\/p>\n\n\n\n<p><a href=\"https:\/\/www.komoot.com\/de-de\/guide\/1093\/wandern-rund-um-luzern\" target=\"_blank\" rel=\"noreferrer noopener\">komoot.com\/wandern<\/a><\/p>\n\n\n\n<p><a href=\"https:\/\/www.komoot.com\/de-de\/discover\/Luzern\/@47.0505452,8.3054682\/tours?sport=touringbicycle&amp;map=true&amp;max_distance=9000\" target=\"_blank\" rel=\"noreferrer noopener\">komoot.com\/velo<\/a><\/p>\n\n\n\n<p><a href=\"https:\/\/proveloluzern.ch\/tourenvorschlaege\/\" target=\"_blank\" rel=\"noreferrer noopener\">proveloluzern.ch<\/a><\/p>\n\n\n\n<p><a href=\"https:\/\/www.bikemap.net\/de\/l\/2659810\/\" target=\"_blank\" rel=\"noreferrer noopener\">bikemap.net<\/a><\/p>\n\n\n\n<p><a href=\"https:\/\/www.komoot.com\/de-de\/discover\/Luzern\/@47.0505452,8.3054682\/tours?sport=mtb&amp;map=true&amp;max_distance=9000&amp;pageNumber=1\" target=\"_blank\" rel=\"noreferrer noopener\">komoot.com\/mountainbike<\/a><\/p>\n\n\n\n<h2 class=\"wp-block-heading\"><\/h2>\n\n\n\n<p><a href=\"https:\/\/www.lakelucerne.ch\/de\/\" target=\"_blank\" rel=\"noreferrer noopener\">lakelucerne.ch<\/a><\/p>\n\n\n\n<p><a href=\"https:\/\/www.luzerner-wanderwege.ch\/de\/ewalc?gkat=Suche+Ewalc&amp;keyword=Luzern&amp;submit=Suche&amp;kind%5B%5D=1&amp;dur-from=1&amp;dur-to=99&amp;date-from=&amp;date-to=\" target=\"_blank\" rel=\"noreferrer noopener\">luzerner-wanderwege.ch<\/a><\/p>\n\n\n\n<p><a href=\"https:\/\/www.myswitzerland.com\/de-ch\/erlebnisse\/sommer-herbst\/wandern\/wandern-suche\/-\/luzern-vierwaldstaettersee\/\" target=\"_blank\" rel=\"noreferrer noopener\">myswitzerland.com\/wandern<\/a><\/p>\n\n\n\n<p><a href=\"https:\/\/www.wanderungen.ch\/de\/regionen\/kantone\/wanderungen-im-kanton-luzern.html\" target=\"_blank\" rel=\"noreferrer noopener\">wanderungen.ch<\/a><\/p>\n\n\n\n<p><a href=\"https:\/\/www.komoot.com\/de-de\/guide\/1093\/wandern-rund-um-luzern\" target=\"_blank\" rel=\"noreferrer noopener\">komoot.com\/wandern<\/a><\/p>\n\n\n\n<p><a href=\"https:\/\/www.komoot.com\/de-de\/discover\/Luzern\/@47.0505452,8.3054682\/tours?sport=touringbicycle&amp;map=true&amp;max_distance=9000\" target=\"_blank\" rel=\"noreferrer noopener\">komoot.com\/velo<\/a><\/p>\n\n\n\n<p><a href=\"https:\/\/proveloluzern.ch\/tourenvorschlaege\/\" target=\"_blank\" rel=\"noreferrer noopener\">proveloluzern.ch<\/a><\/p>\n\n\n\n<p><a href=\"https:\/\/www.bikemap.net\/de\/l\/2659810\/\" target=\"_blank\" rel=\"noreferrer noopener\">bikemap.net<\/a><\/p>\n","protected":false},"excerpt":{"rendered":"<p>Essen tripadviser.ch zentralplus.ch studirat.ch lunchgate.ch interrailplanner.com Ausgang guidle.ch gangus.ch\/club gangus.ch\/tanz gangus.ch\/film gangus.ch\/konzert gangus.ch\/theater konzerthaus sch\u00fc\u00fcr musikzentrum sedel kulturhaus s\u00fcdpol rok klub schlagerbeiz luzern.com ticketcorner.ch Tagesausfl\u00fcge luzern.com luzern.com\/schlechtwetter swissactivities.com outdooractive.ch sbb.ch visitlocals.ch viator.com famigros hellofamily.ch krimi-trails.ch lakelucerne.ch luzerner-wanderwege.ch myswitzerland.com\/wandern wanderungen.ch komoot.com\/wandern komoot.com\/velo proveloluzern.ch bikemap.net komoot.com\/mountainbike lakelucerne.ch luzerner-wanderwege.ch myswitzerland.com\/wandern wanderungen.ch komoot.com\/wandern komoot.com\/velo proveloluzern.ch bikemap.net<\/p>\n","protected":false},"author":1,"featured_media":0,"parent":0,"menu_order":0,"comment_status":"closed","ping_status":"closed","template":"","meta":{"_price":"","_stock":"","_tribe_ticket_header":"","_tribe_default_ticket_provider":"","_tribe_ticket_capacity":"0","_ticket_start_date":"","_ticket_end_date":"","_tribe_ticket_show_description":"","_tribe_ticket_show_not_going":false,"_tribe_ticket_use_global_stock":"","_tribe_ticket_global_stock_level":"","_global_stock_mode":"","_global_stock_cap":"","_tribe_rsvp_for_event":"","_tribe_ticket_going_count":"","_tribe_ticket_not_going_count":"","_tribe_tickets_list":"[]","_tribe_ticket_has_attendee_info_fields":false,"footnotes":"","_tec_slr_enabled":"","_tec_slr_layout":""},"class_list":["post-231","page","type-page","status-publish","hentry"],"yoast_head":"<!-- This site is optimized with the Yoast SEO plugin v24.7 - https:\/\/yoast.com\/wordpress\/plugins\/seo\/ -->\n<title>CHF &lt; 50.00 - STULU<\/title>\n<meta name=\"robots\" content=\"index, follow, max-snippet:-1, max-image-preview:large, max-video-preview:-1\" \/>\n<link rel=\"canonical\" href=\"https:\/\/stulu.ch\/index.php\/chf-50-00\/\" \/>\n<meta property=\"og:locale\" content=\"de_DE\" \/>\n<meta property=\"og:type\" content=\"article\" \/>\n<meta property=\"og:title\" content=\"CHF &lt; 50.00 - STULU\" \/>\n<meta property=\"og:description\" content=\"Essen tripadviser.ch zentralplus.ch studirat.ch lunchgate.ch interrailplanner.com Ausgang guidle.ch gangus.ch\/club gangus.ch\/tanz gangus.ch\/film gangus.ch\/konzert gangus.ch\/theater konzerthaus sch\u00fc\u00fcr musikzentrum sedel kulturhaus s\u00fcdpol rok klub schlagerbeiz luzern.com ticketcorner.ch Tagesausfl\u00fcge luzern.com luzern.com\/schlechtwetter swissactivities.com outdooractive.ch sbb.ch visitlocals.ch viator.com famigros hellofamily.ch krimi-trails.ch lakelucerne.ch luzerner-wanderwege.ch myswitzerland.com\/wandern wanderungen.ch komoot.com\/wandern komoot.com\/velo proveloluzern.ch bikemap.net komoot.com\/mountainbike lakelucerne.ch luzerner-wanderwege.ch myswitzerland.com\/wandern wanderungen.ch komoot.com\/wandern komoot.com\/velo proveloluzern.ch bikemap.net\" \/>\n<meta property=\"og:url\" content=\"https:\/\/stulu.ch\/index.php\/chf-50-00\/\" \/>\n<meta property=\"og:site_name\" content=\"STULU\" \/>\n<meta property=\"article:modified_time\" content=\"2024-08-25T16:13:33+00:00\" \/>\n<meta name=\"twitter:card\" content=\"summary_large_image\" \/>\n<meta name=\"twitter:label1\" content=\"Gesch\u00e4tzte Lesezeit\" \/>\n\t<meta name=\"twitter:data1\" content=\"1\u00a0Minute\" \/>\n<script type=\"application\/ld+json\" class=\"yoast-schema-graph\">{\"@context\":\"https:\/\/schema.org\",\"@graph\":[{\"@type\":\"WebPage\",\"@id\":\"https:\/\/stulu.ch\/index.php\/chf-50-00\/\",\"url\":\"https:\/\/stulu.ch\/index.php\/chf-50-00\/\",\"name\":\"CHF &lt; 50.00 - STULU\",\"isPartOf\":{\"@id\":\"https:\/\/stulu.ch\/#website\"},\"datePublished\":\"2024-08-25T15:50:59+00:00\",\"dateModified\":\"2024-08-25T16:13:33+00:00\",\"breadcrumb\":{\"@id\":\"https:\/\/stulu.ch\/index.php\/chf-50-00\/#breadcrumb\"},\"inLanguage\":\"de\",\"potentialAction\":[{\"@type\":\"ReadAction\",\"target\":[\"https:\/\/stulu.ch\/index.php\/chf-50-00\/\"]}]},{\"@type\":\"BreadcrumbList\",\"@id\":\"https:\/\/stulu.ch\/index.php\/chf-50-00\/#breadcrumb\",\"itemListElement\":[{\"@type\":\"ListItem\",\"position\":1,\"name\":\"Startseite\",\"item\":\"https:\/\/stulu.ch\/\"},{\"@type\":\"ListItem\",\"position\":2,\"name\":\"CHF &lt; 50.00\"}]},{\"@type\":\"WebSite\",\"@id\":\"https:\/\/stulu.ch\/#website\",\"url\":\"https:\/\/stulu.ch\/\",\"name\":\"STULU\",\"description\":\"\",\"publisher\":{\"@id\":\"https:\/\/stulu.ch\/#organization\"},\"potentialAction\":[{\"@type\":\"SearchAction\",\"target\":{\"@type\":\"EntryPoint\",\"urlTemplate\":\"https:\/\/stulu.ch\/?s={search_term_string}\"},\"query-input\":{\"@type\":\"PropertyValueSpecification\",\"valueRequired\":true,\"valueName\":\"search_term_string\"}}],\"inLanguage\":\"de\"},{\"@type\":\"Organization\",\"@id\":\"https:\/\/stulu.ch\/#organization\",\"name\":\"Studentinnenstadt Luzern\",\"alternateName\":\"STULU\",\"url\":\"https:\/\/stulu.ch\/\",\"logo\":{\"@type\":\"ImageObject\",\"inLanguage\":\"de\",\"@id\":\"https:\/\/stulu.ch\/#\/schema\/logo\/image\/\",\"url\":\"https:\/\/stulu.ch\/wp-content\/uploads\/2024\/07\/cropped-Logo-STULU-transparent.png\",\"contentUrl\":\"https:\/\/stulu.ch\/wp-content\/uploads\/2024\/07\/cropped-Logo-STULU-transparent.png\",\"width\":2215,\"height\":1514,\"caption\":\"Studentinnenstadt Luzern\"},\"image\":{\"@id\":\"https:\/\/stulu.ch\/#\/schema\/logo\/image\/\"}}]}<\/script>\n<!-- \/ Yoast SEO plugin. -->","yoast_head_json":{"title":"CHF &lt; 50.00 - STULU","robots":{"index":"index","follow":"follow","max-snippet":"max-snippet:-1","max-image-preview":"max-image-preview:large","max-video-preview":"max-video-preview:-1"},"canonical":"https:\/\/stulu.ch\/index.php\/chf-50-00\/","og_locale":"de_DE","og_type":"article","og_title":"CHF &lt; 50.00 - STULU","og_description":"Essen tripadviser.ch zentralplus.ch studirat.ch lunchgate.ch interrailplanner.com Ausgang guidle.ch gangus.ch\/club gangus.ch\/tanz gangus.ch\/film gangus.ch\/konzert gangus.ch\/theater konzerthaus sch\u00fc\u00fcr musikzentrum sedel kulturhaus s\u00fcdpol rok klub schlagerbeiz luzern.com ticketcorner.ch Tagesausfl\u00fcge luzern.com luzern.com\/schlechtwetter swissactivities.com outdooractive.ch sbb.ch visitlocals.ch viator.com famigros hellofamily.ch krimi-trails.ch lakelucerne.ch luzerner-wanderwege.ch myswitzerland.com\/wandern wanderungen.ch komoot.com\/wandern komoot.com\/velo proveloluzern.ch bikemap.net komoot.com\/mountainbike lakelucerne.ch luzerner-wanderwege.ch myswitzerland.com\/wandern wanderungen.ch komoot.com\/wandern komoot.com\/velo proveloluzern.ch bikemap.net","og_url":"https:\/\/stulu.ch\/index.php\/chf-50-00\/","og_site_name":"STULU","article_modified_time":"2024-08-25T16:13:33+00:00","twitter_card":"summary_large_image","twitter_misc":{"Gesch\u00e4tzte Lesezeit":"1\u00a0Minute"},"schema":{"@context":"https:\/\/schema.org","@graph":[{"@type":"WebPage","@id":"https:\/\/stulu.ch\/index.php\/chf-50-00\/","url":"https:\/\/stulu.ch\/index.php\/chf-50-00\/","name":"CHF &lt; 50.00 - STULU","isPartOf":{"@id":"https:\/\/stulu.ch\/#website"},"datePublished":"2024-08-25T15:50:59+00:00","dateModified":"2024-08-25T16:13:33+00:00","breadcrumb":{"@id":"https:\/\/stulu.ch\/index.php\/chf-50-00\/#breadcrumb"},"inLanguage":"de","potentialAction":[{"@type":"ReadAction","target":["https:\/\/stulu.ch\/index.php\/chf-50-00\/"]}]},{"@type":"BreadcrumbList","@id":"https:\/\/stulu.ch\/index.php\/chf-50-00\/#breadcrumb","itemListElement":[{"@type":"ListItem","position":1,"name":"Startseite","item":"https:\/\/stulu.ch\/"},{"@type":"ListItem","position":2,"name":"CHF &lt; 50.00"}]},{"@type":"WebSite","@id":"https:\/\/stulu.ch\/#website","url":"https:\/\/stulu.ch\/","name":"STULU","description":"","publisher":{"@id":"https:\/\/stulu.ch\/#organization"},"potentialAction":[{"@type":"SearchAction","target":{"@type":"EntryPoint","urlTemplate":"https:\/\/stulu.ch\/?s={search_term_string}"},"query-input":{"@type":"PropertyValueSpecification","valueRequired":true,"valueName":"search_term_string"}}],"inLanguage":"de"},{"@type":"Organization","@id":"https:\/\/stulu.ch\/#organization","name":"Studentinnenstadt Luzern","alternateName":"STULU","url":"https:\/\/stulu.ch\/","logo":{"@type":"ImageObject","inLanguage":"de","@id":"https:\/\/stulu.ch\/#\/schema\/logo\/image\/","url":"https:\/\/stulu.ch\/wp-content\/uploads\/2024\/07\/cropped-Logo-STULU-transparent.png","contentUrl":"https:\/\/stulu.ch\/wp-content\/uploads\/2024\/07\/cropped-Logo-STULU-transparent.png","width":2215,"height":1514,"caption":"Studentinnenstadt Luzern"},"image":{"@id":"https:\/\/stulu.ch\/#\/schema\/logo\/image\/"}}]}},"ticketed":false,"_links":{"self":[{"href":"https:\/\/stulu.ch\/index.php\/wp-json\/wp\/v2\/pages\/231","targetHints":{"allow":["GET"]}}],"collection":[{"href":"https:\/\/stulu.ch\/index.php\/wp-json\/wp\/v2\/pages"}],"about":[{"href":"https:\/\/stulu.ch\/index.php\/wp-json\/wp\/v2\/types\/page"}],"author":[{"embeddable":true,"href":"https:\/\/stulu.ch\/index.php\/wp-json\/wp\/v2\/users\/1"}],"replies":[{"embeddable":true,"href":"https:\/\/stulu.ch\/index.php\/wp-json\/wp\/v2\/comments?post=231"}],"version-history":[{"count":3,"href":"https:\/\/stulu.ch\/index.php\/wp-json\/wp\/v2\/pages\/231\/revisions"}],"predecessor-version":[{"id":239,"href":"https:\/\/stulu.ch\/index.php\/wp-json\/wp\/v2\/pages\/231\/revisions\/239"}],"wp:attachment":[{"href":"https:\/\/stulu.ch\/index.php\/wp-json\/wp\/v2\/media?parent=231"}],"curies":[{"name":"wp","href":"https:\/\/api.w.org\/{rel}","templated":true}]}}