{"id":197,"date":"2024-08-25T11:44:10","date_gmt":"2024-08-25T11:44:10","guid":{"rendered":"https:\/\/stulu.ch\/?page_id=197"},"modified":"2024-08-25T14:19:30","modified_gmt":"2024-08-25T14:19:30","slug":"ausgang","status":"publish","type":"page","link":"https:\/\/stulu.ch\/index.php\/ausgang\/","title":{"rendered":"Ausgang"},"content":{"rendered":"\n<p><a href=\"https:\/\/www.guidle.com\/de\/veranstaltungen\/luzern#filters=\u00acTagIds=&amp;resultsPerPage=&amp;tagIds=-142552251522502,-125558251522502,-530220251522502,-125617251522502,-204159251522502,-572544251522502,-112178251522502,-109958251522502,-107669251522502,-114454251522502\" target=\"_blank\" rel=\"noreferrer noopener\">guidle.ch<\/a><\/p>\n\n\n\n<p><a href=\"https:\/\/gangus.ch\/?regions=19&amp;categories=10\" target=\"_blank\" rel=\"noreferrer noopener\">gangus.ch\/club<\/a><\/p>\n\n\n\n<p><a href=\"https:\/\/gangus.ch\/?regions=19&amp;categories=12\" target=\"_blank\" rel=\"noreferrer noopener\">gangus.ch\/tanz<\/a><\/p>\n\n\n\n<p><a href=\"https:\/\/gangus.ch\/?regions=19&amp;categories=15\" target=\"_blank\" rel=\"noreferrer noopener\">gangus.ch\/film<\/a><\/p>\n\n\n\n<p><a href=\"https:\/\/gangus.ch\/?categories=9\u00aeions=19\" target=\"_blank\" rel=\"noreferrer noopener\">gangus.ch\/konzert<\/a><\/p>\n\n\n\n<p><a href=\"https:\/\/gangus.ch\/?regions=19&amp;categories=11\" target=\"_blank\" rel=\"noreferrer noopener\">gangus.ch\/theater<\/a><\/p>\n\n\n\n<p><a href=\"https:\/\/www.schuur.ch\/\" target=\"_blank\" rel=\"noreferrer noopener\">konzerthaus sch\u00fc\u00fcr<\/a><\/p>\n\n\n\n<p><a href=\"https:\/\/sedel.ch\/\" target=\"_blank\" rel=\"noreferrer noopener\">musikzentrum sedel<\/a><\/p>\n\n\n\n<p><a href=\"https:\/\/www.sudpol.ch\/\" target=\"_blank\" rel=\"noreferrer noopener\">kulturhaus s\u00fcdpol<\/a><\/p>\n\n\n\n<p><a href=\"https:\/\/www.rokklub.ch\/\" target=\"_blank\" rel=\"noreferrer noopener\">rok klub<\/a><\/p>\n\n\n\n<p><a href=\"https:\/\/luzern.jodlerwirt.ch\/main\/veranstaltungen\" target=\"_blank\" rel=\"noreferrer noopener\">schlagerbeiz<\/a><\/p>\n\n\n\n<p><a href=\"https:\/\/www.luzern.com\/de\/stadt\/essen-trinken\/bars-nightlife\" target=\"_blank\" rel=\"noreferrer noopener\">luzern.com<\/a><\/p>\n\n\n\n<p><a href=\"https:\/\/www.ticketcorner.ch\/city\/luzern-19\/\" target=\"_blank\" rel=\"noreferrer noopener\">ticketcorner.ch<\/a><\/p>\n\n\n\n<div style=\"height:50px\" aria-hidden=\"true\" class=\"wp-block-spacer\"><\/div>\n\n\n\n<p>Wenn du noch weitere Tipps hast, schreibe bitte einen kurzen Kommentar &#8211; unten.<\/p>\n\n\n\n<p><\/p>\n","protected":false},"excerpt":{"rendered":"<p>guidle.ch gangus.ch\/club gangus.ch\/tanz gangus.ch\/film gangus.ch\/konzert gangus.ch\/theater konzerthaus sch\u00fc\u00fcr musikzentrum sedel kulturhaus s\u00fcdpol rok klub schlagerbeiz luzern.com ticketcorner.ch Wenn du noch weitere Tipps hast, schreibe bitte einen kurzen Kommentar &#8211; unten.<\/p>\n","protected":false},"author":1,"featured_media":0,"parent":0,"menu_order":0,"comment_status":"closed","ping_status":"closed","template":"","meta":{"_price":"","_stock":"","_tribe_ticket_header":"","_tribe_default_ticket_provider":"","_tribe_ticket_capacity":"0","_ticket_start_date":"","_ticket_end_date":"","_tribe_ticket_show_description":"","_tribe_ticket_show_not_going":false,"_tribe_ticket_use_global_stock":"","_tribe_ticket_global_stock_level":"","_global_stock_mode":"","_global_stock_cap":"","_tribe_rsvp_for_event":"","_tribe_ticket_going_count":"","_tribe_ticket_not_going_count":"","_tribe_tickets_list":"[]","_tribe_ticket_has_attendee_info_fields":false,"footnotes":"","_tec_slr_enabled":"","_tec_slr_layout":""},"class_list":["post-197","page","type-page","status-publish","hentry"],"yoast_head":"<!-- This site is optimized with the Yoast SEO plugin v24.7 - https:\/\/yoast.com\/wordpress\/plugins\/seo\/ -->\n<title>Ausgang - STULU<\/title>\n<meta name=\"robots\" content=\"index, follow, max-snippet:-1, max-image-preview:large, max-video-preview:-1\" \/>\n<link rel=\"canonical\" href=\"https:\/\/stulu.ch\/index.php\/ausgang\/\" \/>\n<meta property=\"og:locale\" content=\"de_DE\" \/>\n<meta property=\"og:type\" content=\"article\" \/>\n<meta property=\"og:title\" content=\"Ausgang - STULU\" \/>\n<meta property=\"og:description\" content=\"guidle.ch gangus.ch\/club gangus.ch\/tanz gangus.ch\/film gangus.ch\/konzert gangus.ch\/theater konzerthaus sch\u00fc\u00fcr musikzentrum sedel kulturhaus s\u00fcdpol rok klub schlagerbeiz luzern.com ticketcorner.ch Wenn du noch weitere Tipps hast, schreibe bitte einen kurzen Kommentar &#8211; unten.\" \/>\n<meta property=\"og:url\" content=\"https:\/\/stulu.ch\/index.php\/ausgang\/\" \/>\n<meta property=\"og:site_name\" content=\"STULU\" \/>\n<meta property=\"article:modified_time\" content=\"2024-08-25T14:19:30+00:00\" \/>\n<meta name=\"twitter:card\" content=\"summary_large_image\" \/>\n<script type=\"application\/ld+json\" class=\"yoast-schema-graph\">{\"@context\":\"https:\/\/schema.org\",\"@graph\":[{\"@type\":\"WebPage\",\"@id\":\"https:\/\/stulu.ch\/index.php\/ausgang\/\",\"url\":\"https:\/\/stulu.ch\/index.php\/ausgang\/\",\"name\":\"Ausgang - STULU\",\"isPartOf\":{\"@id\":\"https:\/\/stulu.ch\/#website\"},\"datePublished\":\"2024-08-25T11:44:10+00:00\",\"dateModified\":\"2024-08-25T14:19:30+00:00\",\"breadcrumb\":{\"@id\":\"https:\/\/stulu.ch\/index.php\/ausgang\/#breadcrumb\"},\"inLanguage\":\"de\",\"potentialAction\":[{\"@type\":\"ReadAction\",\"target\":[\"https:\/\/stulu.ch\/index.php\/ausgang\/\"]}]},{\"@type\":\"BreadcrumbList\",\"@id\":\"https:\/\/stulu.ch\/index.php\/ausgang\/#breadcrumb\",\"itemListElement\":[{\"@type\":\"ListItem\",\"position\":1,\"name\":\"Startseite\",\"item\":\"https:\/\/stulu.ch\/\"},{\"@type\":\"ListItem\",\"position\":2,\"name\":\"Ausgang\"}]},{\"@type\":\"WebSite\",\"@id\":\"https:\/\/stulu.ch\/#website\",\"url\":\"https:\/\/stulu.ch\/\",\"name\":\"STULU\",\"description\":\"\",\"publisher\":{\"@id\":\"https:\/\/stulu.ch\/#organization\"},\"potentialAction\":[{\"@type\":\"SearchAction\",\"target\":{\"@type\":\"EntryPoint\",\"urlTemplate\":\"https:\/\/stulu.ch\/?s={search_term_string}\"},\"query-input\":{\"@type\":\"PropertyValueSpecification\",\"valueRequired\":true,\"valueName\":\"search_term_string\"}}],\"inLanguage\":\"de\"},{\"@type\":\"Organization\",\"@id\":\"https:\/\/stulu.ch\/#organization\",\"name\":\"Studentinnenstadt Luzern\",\"alternateName\":\"STULU\",\"url\":\"https:\/\/stulu.ch\/\",\"logo\":{\"@type\":\"ImageObject\",\"inLanguage\":\"de\",\"@id\":\"https:\/\/stulu.ch\/#\/schema\/logo\/image\/\",\"url\":\"https:\/\/stulu.ch\/wp-content\/uploads\/2024\/07\/cropped-Logo-STULU-transparent.png\",\"contentUrl\":\"https:\/\/stulu.ch\/wp-content\/uploads\/2024\/07\/cropped-Logo-STULU-transparent.png\",\"width\":2215,\"height\":1514,\"caption\":\"Studentinnenstadt Luzern\"},\"image\":{\"@id\":\"https:\/\/stulu.ch\/#\/schema\/logo\/image\/\"}}]}<\/script>\n<!-- \/ Yoast SEO plugin. -->","yoast_head_json":{"title":"Ausgang - STULU","robots":{"index":"index","follow":"follow","max-snippet":"max-snippet:-1","max-image-preview":"max-image-preview:large","max-video-preview":"max-video-preview:-1"},"canonical":"https:\/\/stulu.ch\/index.php\/ausgang\/","og_locale":"de_DE","og_type":"article","og_title":"Ausgang - STULU","og_description":"guidle.ch gangus.ch\/club gangus.ch\/tanz gangus.ch\/film gangus.ch\/konzert gangus.ch\/theater konzerthaus sch\u00fc\u00fcr musikzentrum sedel kulturhaus s\u00fcdpol rok klub schlagerbeiz luzern.com ticketcorner.ch Wenn du noch weitere Tipps hast, schreibe bitte einen kurzen Kommentar &#8211; unten.","og_url":"https:\/\/stulu.ch\/index.php\/ausgang\/","og_site_name":"STULU","article_modified_time":"2024-08-25T14:19:30+00:00","twitter_card":"summary_large_image","schema":{"@context":"https:\/\/schema.org","@graph":[{"@type":"WebPage","@id":"https:\/\/stulu.ch\/index.php\/ausgang\/","url":"https:\/\/stulu.ch\/index.php\/ausgang\/","name":"Ausgang - STULU","isPartOf":{"@id":"https:\/\/stulu.ch\/#website"},"datePublished":"2024-08-25T11:44:10+00:00","dateModified":"2024-08-25T14:19:30+00:00","breadcrumb":{"@id":"https:\/\/stulu.ch\/index.php\/ausgang\/#breadcrumb"},"inLanguage":"de","potentialAction":[{"@type":"ReadAction","target":["https:\/\/stulu.ch\/index.php\/ausgang\/"]}]},{"@type":"BreadcrumbList","@id":"https:\/\/stulu.ch\/index.php\/ausgang\/#breadcrumb","itemListElement":[{"@type":"ListItem","position":1,"name":"Startseite","item":"https:\/\/stulu.ch\/"},{"@type":"ListItem","position":2,"name":"Ausgang"}]},{"@type":"WebSite","@id":"https:\/\/stulu.ch\/#website","url":"https:\/\/stulu.ch\/","name":"STULU","description":"","publisher":{"@id":"https:\/\/stulu.ch\/#organization"},"potentialAction":[{"@type":"SearchAction","target":{"@type":"EntryPoint","urlTemplate":"https:\/\/stulu.ch\/?s={search_term_string}"},"query-input":{"@type":"PropertyValueSpecification","valueRequired":true,"valueName":"search_term_string"}}],"inLanguage":"de"},{"@type":"Organization","@id":"https:\/\/stulu.ch\/#organization","name":"Studentinnenstadt Luzern","alternateName":"STULU","url":"https:\/\/stulu.ch\/","logo":{"@type":"ImageObject","inLanguage":"de","@id":"https:\/\/stulu.ch\/#\/schema\/logo\/image\/","url":"https:\/\/stulu.ch\/wp-content\/uploads\/2024\/07\/cropped-Logo-STULU-transparent.png","contentUrl":"https:\/\/stulu.ch\/wp-content\/uploads\/2024\/07\/cropped-Logo-STULU-transparent.png","width":2215,"height":1514,"caption":"Studentinnenstadt Luzern"},"image":{"@id":"https:\/\/stulu.ch\/#\/schema\/logo\/image\/"}}]}},"ticketed":false,"_links":{"self":[{"href":"https:\/\/stulu.ch\/index.php\/wp-json\/wp\/v2\/pages\/197","targetHints":{"allow":["GET"]}}],"collection":[{"href":"https:\/\/stulu.ch\/index.php\/wp-json\/wp\/v2\/pages"}],"about":[{"href":"https:\/\/stulu.ch\/index.php\/wp-json\/wp\/v2\/types\/page"}],"author":[{"embeddable":true,"href":"https:\/\/stulu.ch\/index.php\/wp-json\/wp\/v2\/users\/1"}],"replies":[{"embeddable":true,"href":"https:\/\/stulu.ch\/index.php\/wp-json\/wp\/v2\/comments?post=197"}],"version-history":[{"count":2,"href":"https:\/\/stulu.ch\/index.php\/wp-json\/wp\/v2\/pages\/197\/revisions"}],"predecessor-version":[{"id":211,"href":"https:\/\/stulu.ch\/index.php\/wp-json\/wp\/v2\/pages\/197\/revisions\/211"}],"wp:attachment":[{"href":"https:\/\/stulu.ch\/index.php\/wp-json\/wp\/v2\/media?parent=197"}],"curies":[{"name":"wp","href":"https:\/\/api.w.org\/{rel}","templated":true}]}}